{"id":8,"date":"2018-01-09T01:59:11","date_gmt":"2018-01-09T01:59:11","guid":{"rendered":"http:\/\/sbayer.de\/?page_id=8"},"modified":"2018-01-10T03:52:21","modified_gmt":"2018-01-10T03:52:21","slug":"kontakt","status":"publish","type":"page","link":"https:\/\/sbayer.de\/kontakt","title":{"rendered":"Kontakt"},"content":{"rendered":"<p><strong>Gerne stehen wir Ihnen f\u00fcr weitere Informationen zur Verf\u00fcgung.<\/strong><\/p>\n<p>ByTek &#8211; Stefan Bayer<\/p>\n<p>L\u00e4nggasse 34<br \/>\n4624 H\u00e4rkingen<\/p>\n<p>bytek@sbayer.de<\/p>\n<p>+41 (0) 76 775 8812<\/p>\n<p>&nbsp;<\/p>\n","protected":false},"excerpt":{"rendered":"<p>Gerne stehen wir Ihnen f\u00fcr weitere Informationen zur Verf\u00fcgung. ByTek &#8211; Stefan Bayer L\u00e4nggasse 34 4624 H\u00e4rkingen bytek@sbayer.de +41 (0) 76 775 8812 &nbsp;<\/p>\n","protected":false},"author":1,"featured_media":0,"parent":0,"menu_order":10,"comment_status":"closed","ping_status":"closed","template":"","meta":{"footnotes":""},"class_list":["post-8","page","type-page","status-publish","hentry"],"_links":{"self":[{"href":"https:\/\/sbayer.de\/wp-json\/wp\/v2\/pages\/8","targetHints":{"allow":["GET"]}}],"collection":[{"href":"https:\/\/sbayer.de\/wp-json\/wp\/v2\/pages"}],"about":[{"href":"https:\/\/sbayer.de\/wp-json\/wp\/v2\/types\/page"}],"author":[{"embeddable":true,"href":"https:\/\/sbayer.de\/wp-json\/wp\/v2\/users\/1"}],"replies":[{"embeddable":true,"href":"https:\/\/sbayer.de\/wp-json\/wp\/v2\/comments?post=8"}],"version-history":[{"count":3,"href":"https:\/\/sbayer.de\/wp-json\/wp\/v2\/pages\/8\/revisions"}],"predecessor-version":[{"id":1534,"href":"https:\/\/sbayer.de\/wp-json\/wp\/v2\/pages\/8\/revisions\/1534"}],"wp:attachment":[{"href":"https:\/\/sbayer.de\/wp-json\/wp\/v2\/media?parent=8"}],"curies":[{"name":"wp","href":"https:\/\/api.w.org\/{rel}","templated":true}]}}